{"id":2589,"date":"2023-03-29T08:24:30","date_gmt":"2023-03-29T06:24:30","guid":{"rendered":"https:\/\/formteilbau-schmitt.de\/yritys\/"},"modified":"2023-07-17T11:54:43","modified_gmt":"2023-07-17T09:54:43","slug":"yritys","status":"publish","type":"page","link":"https:\/\/formteilbau-schmitt.de\/fi\/yritys\/","title":{"rendered":"Yritys"},"content":{"rendered":"\t\t<div data-elementor-type=\"wp-page\" data-elementor-id=\"2589\" class=\"elementor elementor-2589 elementor-392\">\n\t\t\t\t\t\t\t\t\t<section class=\"has_eae_slider elementor-section elementor-top-section elementor-element elementor-element-b75926e elementor-section-boxed elementor-section-height-default elementor-section-height-default\" data-id=\"b75926e\" data-element_type=\"section\">\n\t\t\t\t\t\t<div class=\"elementor-container elementor-column-gap-default\">\n\t\t\t\t\t<div class=\"has_eae_slider elementor-column elementor-col-100 elementor-top-column elementor-element elementor-element-27f1cf9\" data-id=\"27f1cf9\" data-element_type=\"column\">\n\t\t\t<div class=\"elementor-widget-wrap elementor-element-populated\">\n\t\t\t\t\t\t\t\t<div class=\"elementor-element elementor-element-ac07e05 elementor-hidden-desktop elementor-hidden-tablet elementor-hidden-mobile elementor-widget elementor-widget-text-editor\" data-id=\"ac07e05\" data-element_type=\"widget\" data-widget_type=\"text-editor.default\">\n\t\t\t\t<div class=\"elementor-widget-container\">\n\t\t\t<style>\/*! elementor - v3.14.0 - 26-06-2023 *\/\n.elementor-widget-text-editor.elementor-drop-cap-view-stacked .elementor-drop-cap{background-color:#69727d;color:#fff}.elementor-widget-text-editor.elementor-drop-cap-view-framed .elementor-drop-cap{color:#69727d;border:3px solid;background-color:transparent}.elementor-widget-text-editor:not(.elementor-drop-cap-view-default) .elementor-drop-cap{margin-top:8px}.elementor-widget-text-editor:not(.elementor-drop-cap-view-default) .elementor-drop-cap-letter{width:1em;height:1em}.elementor-widget-text-editor .elementor-drop-cap{float:left;text-align:center;line-height:1;font-size:50px}.elementor-widget-text-editor .elementor-drop-cap-letter{display:inline-block}<\/style>\t\t\t\t<p>Sivustomme on parhaillaan rakenteilla, ja olemme pahoillamme, ettemme voi viel\u00e4 esitell\u00e4 sinulle yksityiskohtaisia tietoja yrityksest\u00e4mme. Ty\u00f6skentelemme kuitenkin t\u00e4ysill\u00e4, jotta voimme esitell\u00e4 yrityksemme teille yksityiskohtaisesti mahdollisimman pian. Kiit\u00e4mme teit\u00e4 k\u00e4rsiv\u00e4llisyydest\u00e4nne.<\/p>\n\t\t\t\t\t\t<\/div>\n\t\t\t\t<\/div>\n\t\t\t\t<div class=\"elementor-element elementor-element-2c4bacd elementor-widget elementor-widget-spacer\" data-id=\"2c4bacd\" data-element_type=\"widget\" data-widget_type=\"spacer.default\">\n\t\t\t\t<div class=\"elementor-widget-container\">\n\t\t\t<style>\/*! elementor - v3.14.0 - 26-06-2023 *\/\n.elementor-column .elementor-spacer-inner{height:var(--spacer-size)}.e-con{--container-widget-width:100%}.e-con-inner>.elementor-widget-spacer,.e-con>.elementor-widget-spacer{width:var(--container-widget-width,var(--spacer-size));--align-self:var(--container-widget-align-self,initial);--flex-shrink:0}.e-con-inner>.elementor-widget-spacer>.elementor-widget-container,.e-con-inner>.elementor-widget-spacer>.elementor-widget-container>.elementor-spacer,.e-con>.elementor-widget-spacer>.elementor-widget-container,.e-con>.elementor-widget-spacer>.elementor-widget-container>.elementor-spacer{height:100%}.e-con-inner>.elementor-widget-spacer>.elementor-widget-container>.elementor-spacer>.elementor-spacer-inner,.e-con>.elementor-widget-spacer>.elementor-widget-container>.elementor-spacer>.elementor-spacer-inner{height:var(--container-widget-height,var(--spacer-size))}<\/style>\t\t<div class=\"elementor-spacer\">\n\t\t\t<div class=\"elementor-spacer-inner\"><\/div>\n\t\t<\/div>\n\t\t\t\t<\/div>\n\t\t\t\t<\/div>\n\t\t\t\t<div class=\"elementor-element elementor-element-bdc5750 elementor-widget elementor-widget-heading\" data-id=\"bdc5750\" data-element_type=\"widget\" data-widget_type=\"heading.default\">\n\t\t\t\t<div class=\"elementor-widget-container\">\n\t\t\t<style>\/*! elementor - v3.14.0 - 26-06-2023 *\/\n.elementor-heading-title{padding:0;margin:0;line-height:1}.elementor-widget-heading .elementor-heading-title[class*=elementor-size-]>a{color:inherit;font-size:inherit;line-height:inherit}.elementor-widget-heading .elementor-heading-title.elementor-size-small{font-size:15px}.elementor-widget-heading .elementor-heading-title.elementor-size-medium{font-size:19px}.elementor-widget-heading .elementor-heading-title.elementor-size-large{font-size:29px}.elementor-widget-heading .elementor-heading-title.elementor-size-xl{font-size:39px}.elementor-widget-heading .elementor-heading-title.elementor-size-xxl{font-size:59px}<\/style><h2 class=\"elementor-heading-title elementor-size-default\">Edist\u00e4minen:<\/h2>\t\t<\/div>\n\t\t\t\t<\/div>\n\t\t\t\t<div class=\"elementor-element elementor-element-9a5a643 elementor-widget elementor-widget-text-editor\" data-id=\"9a5a643\" data-element_type=\"widget\" data-widget_type=\"text-editor.default\">\n\t\t\t\t<div class=\"elementor-widget-container\">\n\t\t\t\t\t\t\t<p style=\"font-weight: 400;\">Euroopan aluekehitysrahasto rahoitti verkkosivuston, k\u00e4\u00e4nn\u00f6kset ja esitteet kohdemaata Suomea varten.&nbsp;Markkinoiden kehitt\u00e4minen Suomessa -hanketta tukee Euroopan unioni Euroopan aluekehitysrahaston varoista.<\/p>\n\t\t\t\t\t\t<\/div>\n\t\t\t\t<\/div>\n\t\t\t\t<div class=\"elementor-element elementor-element-886e95d elementor-widget elementor-widget-image\" data-id=\"886e95d\" data-element_type=\"widget\" data-widget_type=\"image.default\">\n\t\t\t\t<div class=\"elementor-widget-container\">\n\t\t\t<style>\/*! elementor - v3.14.0 - 26-06-2023 *\/\n.elementor-widget-image{text-align:center}.elementor-widget-image a{display:inline-block}.elementor-widget-image a img[src$=\".svg\"]{width:48px}.elementor-widget-image img{vertical-align:middle;display:inline-block}<\/style>\t\t\t\t\t\t\t\t\t\t\t\t<img loading=\"lazy\" decoding=\"async\" width=\"300\" height=\"66\" src=\"https:\/\/formteilbau-schmitt.de\/wp-content\/uploads\/2023\/04\/EU_FH_21-27_rechts_zentriert_CMYK-2-300x66.png\" class=\"attachment-medium size-medium wp-image-2430\" alt=\"\" srcset=\"https:\/\/formteilbau-schmitt.de\/wp-content\/uploads\/2023\/04\/EU_FH_21-27_rechts_zentriert_CMYK-2-300x66.png 300w, https:\/\/formteilbau-schmitt.de\/wp-content\/uploads\/2023\/04\/EU_FH_21-27_rechts_zentriert_CMYK-2-260x57.png 260w, https:\/\/formteilbau-schmitt.de\/wp-content\/uploads\/2023\/04\/EU_FH_21-27_rechts_zentriert_CMYK-2-50x11.png 50w, https:\/\/formteilbau-schmitt.de\/wp-content\/uploads\/2023\/04\/EU_FH_21-27_rechts_zentriert_CMYK-2-150x33.png 150w, https:\/\/formteilbau-schmitt.de\/wp-content\/uploads\/2023\/04\/EU_FH_21-27_rechts_zentriert_CMYK-2.png 500w\" sizes=\"auto, (max-width:767px) 300px, 300px\" \/>\t\t\t\t\t\t\t\t\t\t\t\t\t\t\t<\/div>\n\t\t\t\t<\/div>\n\t\t\t\t<div class=\"elementor-element elementor-element-bdd4e17 elementor-widget elementor-widget-spacer\" data-id=\"bdd4e17\" data-element_type=\"widget\" data-widget_type=\"spacer.default\">\n\t\t\t\t<div class=\"elementor-widget-container\">\n\t\t\t\t\t<div class=\"elementor-spacer\">\n\t\t\t<div class=\"elementor-spacer-inner\"><\/div>\n\t\t<\/div>\n\t\t\t\t<\/div>\n\t\t\t\t<\/div>\n\t\t\t\t\t<\/div>\n\t\t<\/div>\n\t\t\t\t\t\t\t<\/div>\n\t\t<\/section>\n\t\t\t\t\t\t\t<\/div>\n\t\t","protected":false},"excerpt":{"rendered":"<p>Sivustomme on parhaillaan rakenteilla, ja olemme pahoillamme, ettemme voi viel\u00e4 esitell\u00e4 sinulle yksityiskohtaisia tietoja yrityksest\u00e4mme. Ty\u00f6skentelemme kuitenkin t\u00e4ysill\u00e4, jotta voimme esitell\u00e4 yrityksemme teille yksityiskohtaisesti mahdollisimman pian.<span class=\"excerpt-hellip\"> [\u2026]<\/span><\/p>\n","protected":false},"author":1,"featured_media":0,"parent":0,"menu_order":0,"comment_status":"closed","ping_status":"closed","template":"","meta":{"footnotes":""},"class_list":["post-2589","page","type-page","status-publish","hentry"],"acf":[],"yoast_head":"<!-- This site is optimized with the Yoast SEO plugin v20.10 - https:\/\/yoast.com\/wordpress\/plugins\/seo\/ -->\n<title>Yritys - Formteilbau Schmitt<\/title>\n<meta name=\"robots\" content=\"index, follow, max-snippet:-1, max-image-preview:large, max-video-preview:-1\" \/>\n<link rel=\"canonical\" href=\"https:\/\/formteilbau-schmitt.de\/fi\/yritys\/\" \/>\n<meta property=\"og:locale\" content=\"fi_FI\" \/>\n<meta property=\"og:type\" content=\"article\" \/>\n<meta property=\"og:title\" content=\"Yritys - Formteilbau Schmitt\" \/>\n<meta property=\"og:description\" content=\"Sivustomme on parhaillaan rakenteilla, ja olemme pahoillamme, ettemme voi viel\u00e4 esitell\u00e4 sinulle yksityiskohtaisia tietoja yrityksest\u00e4mme. Ty\u00f6skentelemme kuitenkin t\u00e4ysill\u00e4, jotta voimme esitell\u00e4 yrityksemme teille yksityiskohtaisesti mahdollisimman pian. [\u2026]\" \/>\n<meta property=\"og:url\" content=\"https:\/\/formteilbau-schmitt.de\/fi\/yritys\/\" \/>\n<meta property=\"og:site_name\" content=\"Formteilbau Schmitt\" \/>\n<meta property=\"article:modified_time\" content=\"2023-07-17T09:54:43+00:00\" \/>\n<meta property=\"og:image\" content=\"https:\/\/formteilbau-schmitt.de\/wp-content\/uploads\/2023\/04\/EU_FH_21-27_rechts_zentriert_CMYK-2-300x66.png\" \/>\n<meta name=\"twitter:card\" content=\"summary_large_image\" \/>\n<script type=\"application\/ld+json\" class=\"yoast-schema-graph\">{\"@context\":\"https:\/\/schema.org\",\"@graph\":[{\"@type\":\"WebPage\",\"@id\":\"https:\/\/formteilbau-schmitt.de\/fi\/yritys\/\",\"url\":\"https:\/\/formteilbau-schmitt.de\/fi\/yritys\/\",\"name\":\"Yritys - Formteilbau Schmitt\",\"isPartOf\":{\"@id\":\"https:\/\/formteilbau-schmitt.de\/#website\"},\"datePublished\":\"2023-03-29T06:24:30+00:00\",\"dateModified\":\"2023-07-17T09:54:43+00:00\",\"breadcrumb\":{\"@id\":\"https:\/\/formteilbau-schmitt.de\/fi\/yritys\/#breadcrumb\"},\"inLanguage\":\"fi\",\"potentialAction\":[{\"@type\":\"ReadAction\",\"target\":[\"https:\/\/formteilbau-schmitt.de\/fi\/yritys\/\"]}]},{\"@type\":\"BreadcrumbList\",\"@id\":\"https:\/\/formteilbau-schmitt.de\/fi\/yritys\/#breadcrumb\",\"itemListElement\":[{\"@type\":\"ListItem\",\"position\":1,\"name\":\"Startseite\",\"item\":\"https:\/\/formteilbau-schmitt.de\/\"},{\"@type\":\"ListItem\",\"position\":2,\"name\":\"Yritys\"}]},{\"@type\":\"WebSite\",\"@id\":\"https:\/\/formteilbau-schmitt.de\/#website\",\"url\":\"https:\/\/formteilbau-schmitt.de\/\",\"name\":\"Formteilbau Schmitt\",\"description\":\"simpel schnell stabil: schmitt\",\"potentialAction\":[{\"@type\":\"SearchAction\",\"target\":{\"@type\":\"EntryPoint\",\"urlTemplate\":\"https:\/\/formteilbau-schmitt.de\/?s={search_term_string}\"},\"query-input\":\"required name=search_term_string\"}],\"inLanguage\":\"fi\"}]}<\/script>\n<!-- \/ Yoast SEO plugin. -->","yoast_head_json":{"title":"Yritys - Formteilbau Schmitt","robots":{"index":"index","follow":"follow","max-snippet":"max-snippet:-1","max-image-preview":"max-image-preview:large","max-video-preview":"max-video-preview:-1"},"canonical":"https:\/\/formteilbau-schmitt.de\/fi\/yritys\/","og_locale":"fi_FI","og_type":"article","og_title":"Yritys - Formteilbau Schmitt","og_description":"Sivustomme on parhaillaan rakenteilla, ja olemme pahoillamme, ettemme voi viel\u00e4 esitell\u00e4 sinulle yksityiskohtaisia tietoja yrityksest\u00e4mme. Ty\u00f6skentelemme kuitenkin t\u00e4ysill\u00e4, jotta voimme esitell\u00e4 yrityksemme teille yksityiskohtaisesti mahdollisimman pian. [\u2026]","og_url":"https:\/\/formteilbau-schmitt.de\/fi\/yritys\/","og_site_name":"Formteilbau Schmitt","article_modified_time":"2023-07-17T09:54:43+00:00","og_image":[{"url":"https:\/\/formteilbau-schmitt.de\/wp-content\/uploads\/2023\/04\/EU_FH_21-27_rechts_zentriert_CMYK-2-300x66.png"}],"twitter_card":"summary_large_image","schema":{"@context":"https:\/\/schema.org","@graph":[{"@type":"WebPage","@id":"https:\/\/formteilbau-schmitt.de\/fi\/yritys\/","url":"https:\/\/formteilbau-schmitt.de\/fi\/yritys\/","name":"Yritys - Formteilbau Schmitt","isPartOf":{"@id":"https:\/\/formteilbau-schmitt.de\/#website"},"datePublished":"2023-03-29T06:24:30+00:00","dateModified":"2023-07-17T09:54:43+00:00","breadcrumb":{"@id":"https:\/\/formteilbau-schmitt.de\/fi\/yritys\/#breadcrumb"},"inLanguage":"fi","potentialAction":[{"@type":"ReadAction","target":["https:\/\/formteilbau-schmitt.de\/fi\/yritys\/"]}]},{"@type":"BreadcrumbList","@id":"https:\/\/formteilbau-schmitt.de\/fi\/yritys\/#breadcrumb","itemListElement":[{"@type":"ListItem","position":1,"name":"Startseite","item":"https:\/\/formteilbau-schmitt.de\/"},{"@type":"ListItem","position":2,"name":"Yritys"}]},{"@type":"WebSite","@id":"https:\/\/formteilbau-schmitt.de\/#website","url":"https:\/\/formteilbau-schmitt.de\/","name":"Formteilbau Schmitt","description":"simpel schnell stabil: schmitt","potentialAction":[{"@type":"SearchAction","target":{"@type":"EntryPoint","urlTemplate":"https:\/\/formteilbau-schmitt.de\/?s={search_term_string}"},"query-input":"required name=search_term_string"}],"inLanguage":"fi"}]}},"_links":{"self":[{"href":"https:\/\/formteilbau-schmitt.de\/fi\/wp-json\/wp\/v2\/pages\/2589","targetHints":{"allow":["GET"]}}],"collection":[{"href":"https:\/\/formteilbau-schmitt.de\/fi\/wp-json\/wp\/v2\/pages"}],"about":[{"href":"https:\/\/formteilbau-schmitt.de\/fi\/wp-json\/wp\/v2\/types\/page"}],"author":[{"embeddable":true,"href":"https:\/\/formteilbau-schmitt.de\/fi\/wp-json\/wp\/v2\/users\/1"}],"replies":[{"embeddable":true,"href":"https:\/\/formteilbau-schmitt.de\/fi\/wp-json\/wp\/v2\/comments?post=2589"}],"version-history":[{"count":5,"href":"https:\/\/formteilbau-schmitt.de\/fi\/wp-json\/wp\/v2\/pages\/2589\/revisions"}],"predecessor-version":[{"id":5031,"href":"https:\/\/formteilbau-schmitt.de\/fi\/wp-json\/wp\/v2\/pages\/2589\/revisions\/5031"}],"wp:attachment":[{"href":"https:\/\/formteilbau-schmitt.de\/fi\/wp-json\/wp\/v2\/media?parent=2589"}],"curies":[{"name":"wp","href":"https:\/\/api.w.org\/{rel}","templated":true}]}}