{"id":2480,"date":"2023-03-29T08:24:30","date_gmt":"2023-03-29T06:24:30","guid":{"rendered":"https:\/\/formteilbau-schmitt.de\/company\/"},"modified":"2023-05-12T09:13:37","modified_gmt":"2023-05-12T07:13:37","slug":"company","status":"publish","type":"page","link":"https:\/\/formteilbau-schmitt.de\/en\/company\/","title":{"rendered":"Company"},"content":{"rendered":"\t\t<div data-elementor-type=\"wp-page\" data-elementor-id=\"2480\" class=\"elementor elementor-2480 elementor-392\">\n\t\t\t\t\t\t\t\t\t<section class=\"has_eae_slider elementor-section elementor-top-section elementor-element elementor-element-b75926e elementor-section-boxed elementor-section-height-default elementor-section-height-default\" data-id=\"b75926e\" data-element_type=\"section\">\n\t\t\t\t\t\t<div class=\"elementor-container elementor-column-gap-default\">\n\t\t\t\t\t<div class=\"has_eae_slider elementor-column elementor-col-100 elementor-top-column elementor-element elementor-element-27f1cf9\" data-id=\"27f1cf9\" data-element_type=\"column\">\n\t\t\t<div class=\"elementor-widget-wrap elementor-element-populated\">\n\t\t\t\t\t\t\t\t<div class=\"elementor-element elementor-element-ac07e05 elementor-widget elementor-widget-text-editor\" data-id=\"ac07e05\" data-element_type=\"widget\" data-widget_type=\"text-editor.default\">\n\t\t\t\t<div class=\"elementor-widget-container\">\n\t\t\t<style>\/*! elementor - v3.14.0 - 26-06-2023 *\/\n.elementor-widget-text-editor.elementor-drop-cap-view-stacked .elementor-drop-cap{background-color:#69727d;color:#fff}.elementor-widget-text-editor.elementor-drop-cap-view-framed .elementor-drop-cap{color:#69727d;border:3px solid;background-color:transparent}.elementor-widget-text-editor:not(.elementor-drop-cap-view-default) .elementor-drop-cap{margin-top:8px}.elementor-widget-text-editor:not(.elementor-drop-cap-view-default) .elementor-drop-cap-letter{width:1em;height:1em}.elementor-widget-text-editor .elementor-drop-cap{float:left;text-align:center;line-height:1;font-size:50px}.elementor-widget-text-editor .elementor-drop-cap-letter{display:inline-block}<\/style>\t\t\t\t<p>Unsere Seite befindet sich momentan noch im Aufbau und es tut uns leid, dass wir Ihnen noch keinen Auszug unserer Referenzen pr\u00e4sentieren k\u00f6nnen. Wir arbeiten jedoch mit Hochdruck daran, Ihnen baldm\u00f6glichst unser Unternehmen detailliert vorzustellen. Wir danken Ihnen f\u00fcr Ihre Geduld.<\/p>\t\t\t\t\t\t<\/div>\n\t\t\t\t<\/div>\n\t\t\t\t\t<\/div>\n\t\t<\/div>\n\t\t\t\t\t\t\t<\/div>\n\t\t<\/section>\n\t\t\t\t\t\t\t<\/div>\n\t\t","protected":false},"excerpt":{"rendered":"<p>Our site is currently under construction and we are sorry that we cannot yet present you with details about our company. However, we are working at<span class=\"excerpt-hellip\"> [\u2026]<\/span><\/p>\n","protected":false},"author":1,"featured_media":0,"parent":0,"menu_order":0,"comment_status":"closed","ping_status":"closed","template":"","meta":{"footnotes":""},"class_list":["post-2480","page","type-page","status-publish","hentry"],"acf":[],"yoast_head":"<!-- This site is optimized with the Yoast SEO plugin v20.10 - https:\/\/yoast.com\/wordpress\/plugins\/seo\/ -->\n<title>Company - Formteilbau Schmitt<\/title>\n<meta name=\"robots\" content=\"index, follow, max-snippet:-1, max-image-preview:large, max-video-preview:-1\" \/>\n<link rel=\"canonical\" href=\"https:\/\/formteilbau-schmitt.de\/en\/company\/\" \/>\n<meta property=\"og:locale\" content=\"en_US\" \/>\n<meta property=\"og:type\" content=\"article\" \/>\n<meta property=\"og:title\" content=\"Company - Formteilbau Schmitt\" \/>\n<meta property=\"og:description\" content=\"Our site is currently under construction and we are sorry that we cannot yet present you with details about our company. However, we are working at [\u2026]\" \/>\n<meta property=\"og:url\" content=\"https:\/\/formteilbau-schmitt.de\/en\/company\/\" \/>\n<meta property=\"og:site_name\" content=\"Formteilbau Schmitt\" \/>\n<meta property=\"article:modified_time\" content=\"2023-05-12T07:13:37+00:00\" \/>\n<meta property=\"og:image\" content=\"https:\/\/formteilbau-schmitt.de\/wp-content\/uploads\/2023\/04\/EU_FH_21-27_rechts_zentriert_CMYK-2-300x66.png\" \/>\n<meta name=\"twitter:card\" content=\"summary_large_image\" \/>\n<script type=\"application\/ld+json\" class=\"yoast-schema-graph\">{\"@context\":\"https:\/\/schema.org\",\"@graph\":[{\"@type\":\"WebPage\",\"@id\":\"https:\/\/formteilbau-schmitt.de\/en\/company\/\",\"url\":\"https:\/\/formteilbau-schmitt.de\/en\/company\/\",\"name\":\"Company - Formteilbau Schmitt\",\"isPartOf\":{\"@id\":\"https:\/\/formteilbau-schmitt.de\/#website\"},\"datePublished\":\"2023-03-29T06:24:30+00:00\",\"dateModified\":\"2023-05-12T07:13:37+00:00\",\"breadcrumb\":{\"@id\":\"https:\/\/formteilbau-schmitt.de\/en\/company\/#breadcrumb\"},\"inLanguage\":\"en-US\",\"potentialAction\":[{\"@type\":\"ReadAction\",\"target\":[\"https:\/\/formteilbau-schmitt.de\/en\/company\/\"]}]},{\"@type\":\"BreadcrumbList\",\"@id\":\"https:\/\/formteilbau-schmitt.de\/en\/company\/#breadcrumb\",\"itemListElement\":[{\"@type\":\"ListItem\",\"position\":1,\"name\":\"Startseite\",\"item\":\"https:\/\/formteilbau-schmitt.de\/\"},{\"@type\":\"ListItem\",\"position\":2,\"name\":\"Company\"}]},{\"@type\":\"WebSite\",\"@id\":\"https:\/\/formteilbau-schmitt.de\/#website\",\"url\":\"https:\/\/formteilbau-schmitt.de\/\",\"name\":\"Formteilbau Schmitt\",\"description\":\"simpel schnell stabil: schmitt\",\"potentialAction\":[{\"@type\":\"SearchAction\",\"target\":{\"@type\":\"EntryPoint\",\"urlTemplate\":\"https:\/\/formteilbau-schmitt.de\/?s={search_term_string}\"},\"query-input\":\"required name=search_term_string\"}],\"inLanguage\":\"en-US\"}]}<\/script>\n<!-- \/ Yoast SEO plugin. -->","yoast_head_json":{"title":"Company - Formteilbau Schmitt","robots":{"index":"index","follow":"follow","max-snippet":"max-snippet:-1","max-image-preview":"max-image-preview:large","max-video-preview":"max-video-preview:-1"},"canonical":"https:\/\/formteilbau-schmitt.de\/en\/company\/","og_locale":"en_US","og_type":"article","og_title":"Company - Formteilbau Schmitt","og_description":"Our site is currently under construction and we are sorry that we cannot yet present you with details about our company. However, we are working at [\u2026]","og_url":"https:\/\/formteilbau-schmitt.de\/en\/company\/","og_site_name":"Formteilbau Schmitt","article_modified_time":"2023-05-12T07:13:37+00:00","og_image":[{"url":"https:\/\/formteilbau-schmitt.de\/wp-content\/uploads\/2023\/04\/EU_FH_21-27_rechts_zentriert_CMYK-2-300x66.png"}],"twitter_card":"summary_large_image","schema":{"@context":"https:\/\/schema.org","@graph":[{"@type":"WebPage","@id":"https:\/\/formteilbau-schmitt.de\/en\/company\/","url":"https:\/\/formteilbau-schmitt.de\/en\/company\/","name":"Company - Formteilbau Schmitt","isPartOf":{"@id":"https:\/\/formteilbau-schmitt.de\/#website"},"datePublished":"2023-03-29T06:24:30+00:00","dateModified":"2023-05-12T07:13:37+00:00","breadcrumb":{"@id":"https:\/\/formteilbau-schmitt.de\/en\/company\/#breadcrumb"},"inLanguage":"en-US","potentialAction":[{"@type":"ReadAction","target":["https:\/\/formteilbau-schmitt.de\/en\/company\/"]}]},{"@type":"BreadcrumbList","@id":"https:\/\/formteilbau-schmitt.de\/en\/company\/#breadcrumb","itemListElement":[{"@type":"ListItem","position":1,"name":"Startseite","item":"https:\/\/formteilbau-schmitt.de\/"},{"@type":"ListItem","position":2,"name":"Company"}]},{"@type":"WebSite","@id":"https:\/\/formteilbau-schmitt.de\/#website","url":"https:\/\/formteilbau-schmitt.de\/","name":"Formteilbau Schmitt","description":"simpel schnell stabil: schmitt","potentialAction":[{"@type":"SearchAction","target":{"@type":"EntryPoint","urlTemplate":"https:\/\/formteilbau-schmitt.de\/?s={search_term_string}"},"query-input":"required name=search_term_string"}],"inLanguage":"en-US"}]}},"_links":{"self":[{"href":"https:\/\/formteilbau-schmitt.de\/en\/wp-json\/wp\/v2\/pages\/2480","targetHints":{"allow":["GET"]}}],"collection":[{"href":"https:\/\/formteilbau-schmitt.de\/en\/wp-json\/wp\/v2\/pages"}],"about":[{"href":"https:\/\/formteilbau-schmitt.de\/en\/wp-json\/wp\/v2\/types\/page"}],"author":[{"embeddable":true,"href":"https:\/\/formteilbau-schmitt.de\/en\/wp-json\/wp\/v2\/users\/1"}],"replies":[{"embeddable":true,"href":"https:\/\/formteilbau-schmitt.de\/en\/wp-json\/wp\/v2\/comments?post=2480"}],"version-history":[{"count":4,"href":"https:\/\/formteilbau-schmitt.de\/en\/wp-json\/wp\/v2\/pages\/2480\/revisions"}],"predecessor-version":[{"id":2690,"href":"https:\/\/formteilbau-schmitt.de\/en\/wp-json\/wp\/v2\/pages\/2480\/revisions\/2690"}],"wp:attachment":[{"href":"https:\/\/formteilbau-schmitt.de\/en\/wp-json\/wp\/v2\/media?parent=2480"}],"curies":[{"name":"wp","href":"https:\/\/api.w.org\/{rel}","templated":true}]}}